{"id":1138,"date":"2022-11-09T20:23:44","date_gmt":"2022-11-09T19:23:44","guid":{"rendered":"https:\/\/www.cklogistics.pl\/home\/"},"modified":"2023-12-05T19:42:48","modified_gmt":"2023-12-05T18:42:48","slug":"home","status":"publish","type":"page","link":"https:\/\/www.cklogistics.pl\/en\/","title":{"rendered":"Home"},"content":{"rendered":"<p>[et_pb_section fb_built=&#8221;1&#8243; _builder_version=&#8221;4.22.2&#8243; _module_preset=&#8221;default&#8221; width=&#8221;100%&#8221; max_width=&#8221;100%&#8221; custom_padding=&#8221;0px||0px|||&#8221; global_colors_info=&#8221;{}&#8221;][et_pb_row _builder_version=&#8221;4.22.2&#8243; _module_preset=&#8221;default&#8221; width=&#8221;100%&#8221; max_width=&#8221;100%&#8221; module_alignment=&#8221;center&#8221; custom_padding=&#8221;0px||0px|||&#8221; global_colors_info=&#8221;{}&#8221;][et_pb_column type=&#8221;4_4&#8243; _builder_version=&#8221;4.22.2&#8243; _module_preset=&#8221;default&#8221; global_colors_info=&#8221;{}&#8221;][et_pb_image src=&#8221;https:\/\/www.cklogistics.pl\/wp-content\/uploads\/banner1-2.webp&#8221; title_text=&#8221;banner1&#8243; _builder_version=&#8221;4.22.2&#8243; _module_preset=&#8221;default&#8221; global_colors_info=&#8221;{}&#8221;][\/et_pb_image][\/et_pb_column][\/et_pb_row][et_pb_row column_structure=&#8221;1_3,1_3,1_3&#8243; use_custom_gutter=&#8221;on&#8221; gutter_width=&#8221;1&#8243; _builder_version=&#8221;4.22.2&#8243; _module_preset=&#8221;default&#8221; width=&#8221;100%&#8221; max_width=&#8221;100%&#8221; custom_padding=&#8221;8px||2px||false|false&#8221; global_colors_info=&#8221;{}&#8221;][et_pb_column type=&#8221;1_3&#8243; _builder_version=&#8221;4.22.2&#8243; _module_preset=&#8221;default&#8221; global_colors_info=&#8221;{}&#8221;][et_pb_image src=&#8221;https:\/\/www.cklogistics.pl\/wp-content\/uploads\/banner-dron1-1.webp&#8221; title_text=&#8221;banner-dron1&#8243; _builder_version=&#8221;4.22.2&#8243; _module_preset=&#8221;default&#8221; width=&#8221;99%&#8221; width_tablet=&#8221;100%&#8221; width_phone=&#8221;100%&#8221; width_last_edited=&#8221;on|desktop&#8221; global_colors_info=&#8221;{}&#8221;][\/et_pb_image][\/et_pb_column][et_pb_column type=&#8221;1_3&#8243; _builder_version=&#8221;4.22.2&#8243; _module_preset=&#8221;default&#8221; global_colors_info=&#8221;{}&#8221;][et_pb_image src=&#8221;https:\/\/www.cklogistics.pl\/wp-content\/uploads\/banner-dron2-1.webp&#8221; title_text=&#8221;banner-dron2&#8243; align=&#8221;center&#8221; _builder_version=&#8221;4.22.2&#8243; _module_preset=&#8221;default&#8221; width=&#8221;99%&#8221; global_colors_info=&#8221;{}&#8221;][\/et_pb_image][\/et_pb_column][et_pb_column type=&#8221;1_3&#8243; _builder_version=&#8221;4.22.2&#8243; _module_preset=&#8221;default&#8221; global_colors_info=&#8221;{}&#8221;][et_pb_image src=&#8221;https:\/\/www.cklogistics.pl\/wp-content\/uploads\/banner-dron3-1.webp&#8221; title_text=&#8221;banner-dron3&#8243; align=&#8221;right&#8221; _builder_version=&#8221;4.22.2&#8243; _module_preset=&#8221;default&#8221; width=&#8221;99%&#8221; global_colors_info=&#8221;{}&#8221;][\/et_pb_image][\/et_pb_column][\/et_pb_row][\/et_pb_section][et_pb_section fb_built=&#8221;1&#8243; _builder_version=&#8221;4.22.2&#8243; _module_preset=&#8221;default&#8221; background_color=&#8221;#F9F9F9&#8243; custom_padding=&#8221;||35px|||&#8221; global_colors_info=&#8221;{}&#8221;][et_pb_row _builder_version=&#8221;4.22.2&#8243; _module_preset=&#8221;default&#8221; custom_padding=&#8221;||24px|||&#8221; global_colors_info=&#8221;{}&#8221;][et_pb_column type=&#8221;4_4&#8243; _builder_version=&#8221;4.22.2&#8243; _module_preset=&#8221;default&#8221; global_colors_info=&#8221;{}&#8221;][et_pb_text _builder_version=&#8221;4.22.2&#8243; _module_preset=&#8221;default&#8221; header_4_text_color=&#8221;#484847&#8243; header_4_font_size=&#8221;25px&#8221; header_4_letter_spacing=&#8221;1px&#8221; text_orientation=&#8221;center&#8221; header_4_font_size_tablet=&#8221;22px&#8221; header_4_font_size_phone=&#8221;20px&#8221; header_4_font_size_last_edited=&#8221;on|desktop&#8221; global_colors_info=&#8221;{}&#8221;]<\/p>\n<h4 style=\"text-align: center;\"><strong>Clima Komfort<\/strong> \u2013 the general contractor of sanitary installations<br \/>\u2013 this time used 30 years of experience in the construction of logistics facilities in its own investment.<\/h4>\n<h4 style=\"text-align: center;\">The new company <strong>Clima Komfort Logistics<\/strong>built<br \/>a class A high-storage warehouse with <strong>social and office facilities.<\/strong><\/h4>\n<h4 style=\"text-align: center;\">The hall is located in the Kuyavian-Pomeranian Voivodeship, in the immediate vicinity of the <strong>A1 motorway<\/strong><br \/><strong>and the S5 expressway<\/strong>, in an excellent logistic location that provides access to <strong>extensive<\/strong><br \/>communication and transport <strong>infrastructure.<\/strong><\/h4>\n<h4>It is possible to <strong>personalize the office space<\/strong> and adapt the warehouse space to the client&#8217;s special requirements.<\/h4>\n<p>[\/et_pb_text][\/et_pb_column][\/et_pb_row][\/et_pb_section][et_pb_section fb_built=&#8221;1&#8243; specialty=&#8221;on&#8221; _builder_version=&#8221;4.22.2&#8243; _module_preset=&#8221;default&#8221; background_color=&#8221;#F9F9F9&#8243; custom_padding=&#8221;||16px|||&#8221; global_colors_info=&#8221;{}&#8221;][et_pb_column type=&#8221;1_2&#8243; specialty_columns=&#8221;2&#8243; _builder_version=&#8221;4.16&#8243; custom_padding=&#8221;|||&#8221; global_colors_info=&#8221;{}&#8221; custom_padding__hover=&#8221;|||&#8221;][et_pb_row_inner column_structure=&#8221;1_2,1_2&#8243; _builder_version=&#8221;4.22.2&#8243; _module_preset=&#8221;default&#8221; custom_padding=&#8221;11px||14px|||&#8221; border_width_bottom=&#8221;1px&#8221; border_color_bottom=&#8221;#bfbfbf&#8221; global_colors_info=&#8221;{}&#8221;][et_pb_column_inner type=&#8221;1_2&#8243; saved_specialty_column_type=&#8221;1_2&#8243; _builder_version=&#8221;4.22.2&#8243; _module_preset=&#8221;default&#8221; global_colors_info=&#8221;{}&#8221;][et_pb_blurb title=&#8221;LOCATION:&#8221; image=&#8221;https:\/\/www.cklogistics.pl\/wp-content\/uploads\/lokalizacja.svg&#8221; image_icon_width=&#8221;30%&#8221; _builder_version=&#8221;4.22.2&#8243; _module_preset=&#8221;default&#8221; header_level=&#8221;h3&#8243; header_font=&#8221;|700|||||||&#8221; header_text_color=&#8221;#484847&#8243; header_font_size=&#8221;26px&#8221; header_letter_spacing=&#8221;1px&#8221; body_font=&#8221;PT Sans Narrow||||||||&#8221; body_font_size=&#8221;24px&#8221; text_orientation=&#8221;center&#8221; global_colors_info=&#8221;{}&#8221;]<\/p>\n<p>86-300 Grudzi\u0105dz, Jeziorna 4<\/p>\n<p>[\/et_pb_blurb][\/et_pb_column_inner][et_pb_column_inner type=&#8221;1_2&#8243; saved_specialty_column_type=&#8221;1_2&#8243; _builder_version=&#8221;4.22.2&#8243; _module_preset=&#8221;default&#8221; global_colors_info=&#8221;{}&#8221;][et_pb_blurb title=&#8221;INTENDED USE:&#8221; image=&#8221;https:\/\/www.cklogistics.pl\/wp-content\/uploads\/przeznaczenie.svg&#8221; image_icon_width=&#8221;30%&#8221; _builder_version=&#8221;4.22.2&#8243; _module_preset=&#8221;default&#8221; header_level=&#8221;h3&#8243; header_font=&#8221;|700|||||||&#8221; header_text_color=&#8221;#484847&#8243; header_font_size=&#8221;26px&#8221; header_letter_spacing=&#8221;1px&#8221; body_font=&#8221;PT Sans Narrow||||||||&#8221; body_font_size=&#8221;24px&#8221; text_orientation=&#8221;center&#8221; global_colors_info=&#8221;{}&#8221;]<\/p>\n<p>high-bay warehouse, production<\/p>\n<p>[\/et_pb_blurb][\/et_pb_column_inner][\/et_pb_row_inner][et_pb_row_inner column_structure=&#8221;1_2,1_2&#8243; _builder_version=&#8221;4.22.2&#8243; _module_preset=&#8221;default&#8221; custom_padding=&#8221;28px||14px|||&#8221; border_width_bottom=&#8221;1px&#8221; border_color_bottom=&#8221;#bfbfbf&#8221; global_colors_info=&#8221;{}&#8221;][et_pb_column_inner type=&#8221;1_2&#8243; saved_specialty_column_type=&#8221;1_2&#8243; _builder_version=&#8221;4.22.2&#8243; _module_preset=&#8221;default&#8221; global_colors_info=&#8221;{}&#8221;][et_pb_blurb title=&#8221;HALL AREA: &#8221; image=&#8221;https:\/\/www.cklogistics.pl\/wp-content\/uploads\/powierzchnia.svg&#8221; image_icon_width=&#8221;30%&#8221; _builder_version=&#8221;4.22.2&#8243; _module_preset=&#8221;default&#8221; header_level=&#8221;h3&#8243; header_font=&#8221;|700|||||||&#8221; header_text_color=&#8221;#484847&#8243; header_font_size=&#8221;26px&#8221; header_letter_spacing=&#8221;1px&#8221; body_font=&#8221;PT Sans Narrow||||||||&#8221; body_font_size=&#8221;24px&#8221; text_orientation=&#8221;center&#8221; global_colors_info=&#8221;{}&#8221;]<\/p>\n<p>2029 sq m<\/p>\n<p>[\/et_pb_blurb][\/et_pb_column_inner][et_pb_column_inner type=&#8221;1_2&#8243; saved_specialty_column_type=&#8221;1_2&#8243; _builder_version=&#8221;4.22.2&#8243; _module_preset=&#8221;default&#8221; global_colors_info=&#8221;{}&#8221;][et_pb_blurb title=&#8221;WAREHOUSE PREMISES:&#8221; image=&#8221;https:\/\/www.cklogistics.pl\/wp-content\/uploads\/pom-mag.svg&#8221; image_icon_width=&#8221;30%&#8221; _builder_version=&#8221;4.22.2&#8243; _module_preset=&#8221;default&#8221; header_level=&#8221;h3&#8243; header_font=&#8221;|700|||||||&#8221; header_text_color=&#8221;#484847&#8243; header_font_size=&#8221;26px&#8221; header_letter_spacing=&#8221;1px&#8221; body_font=&#8221;PT Sans Narrow||||||||&#8221; body_font_size=&#8221;24px&#8221; text_orientation=&#8221;center&#8221; global_colors_info=&#8221;{}&#8221;]<\/p>\n<p>1906 sq m<\/p>\n<p>[\/et_pb_blurb][\/et_pb_column_inner][\/et_pb_row_inner][et_pb_row_inner column_structure=&#8221;1_2,1_2&#8243; _builder_version=&#8221;4.22.2&#8243; _module_preset=&#8221;default&#8221; custom_padding=&#8221;28px||14px|||&#8221; border_width_bottom=&#8221;1px&#8221; border_color_bottom=&#8221;#bfbfbf&#8221; global_colors_info=&#8221;{}&#8221;][et_pb_column_inner type=&#8221;1_2&#8243; saved_specialty_column_type=&#8221;1_2&#8243; _builder_version=&#8221;4.22.2&#8243; _module_preset=&#8221;default&#8221; global_colors_info=&#8221;{}&#8221;][et_pb_blurb title=&#8221;SOCIAL AND OFFICE FACILITIES:&#8221; image=&#8221;https:\/\/www.cklogistics.pl\/wp-content\/uploads\/zaplecze.svg&#8221; image_icon_width=&#8221;30%&#8221; _builder_version=&#8221;4.22.2&#8243; _module_preset=&#8221;default&#8221; header_level=&#8221;h3&#8243; header_font=&#8221;|700|||||||&#8221; header_text_color=&#8221;#484847&#8243; header_font_size=&#8221;26px&#8221; header_letter_spacing=&#8221;1px&#8221; body_font=&#8221;PT Sans Narrow||||||||&#8221; body_font_size=&#8221;24px&#8221; text_orientation=&#8221;center&#8221; global_colors_info=&#8221;{}&#8221;]<\/p>\n<p>60,8 sq m<\/p>\n<p>[\/et_pb_blurb][\/et_pb_column_inner][et_pb_column_inner type=&#8221;1_2&#8243; saved_specialty_column_type=&#8221;1_2&#8243; _builder_version=&#8221;4.22.2&#8243; _module_preset=&#8221;default&#8221; global_colors_info=&#8221;{}&#8221;][et_pb_blurb title=&#8221;BUILDING HEIGHT:&#8221; image=&#8221;https:\/\/www.cklogistics.pl\/wp-content\/uploads\/wysokosc.svg&#8221; image_icon_width=&#8221;30%&#8221; _builder_version=&#8221;4.22.2&#8243; _module_preset=&#8221;default&#8221; header_level=&#8221;h3&#8243; header_font=&#8221;|700|||||||&#8221; header_text_color=&#8221;#484847&#8243; header_font_size=&#8221;26px&#8221; header_letter_spacing=&#8221;1px&#8221; body_font=&#8221;PT Sans Narrow||||||||&#8221; body_font_size=&#8221;24px&#8221; text_orientation=&#8221;center&#8221; global_colors_info=&#8221;{}&#8221;]<\/p>\n<p>12 m<\/p>\n<p>[\/et_pb_blurb][\/et_pb_column_inner][\/et_pb_row_inner][et_pb_row_inner column_structure=&#8221;1_2,1_2&#8243; _builder_version=&#8221;4.22.2&#8243; _module_preset=&#8221;default&#8221; custom_padding=&#8221;28px||14px|||&#8221; border_width_bottom=&#8221;1px&#8221; border_color_bottom=&#8221;#bfbfbf&#8221; global_colors_info=&#8221;{}&#8221;][et_pb_column_inner type=&#8221;1_2&#8243; saved_specialty_column_type=&#8221;1_2&#8243; _builder_version=&#8221;4.22.2&#8243; _module_preset=&#8221;default&#8221; global_colors_info=&#8221;{}&#8221;][et_pb_blurb title=&#8221;HEIGHT STORAGE: &#8221; image=&#8221;https:\/\/www.cklogistics.pl\/wp-content\/uploads\/wys-sklad.svg&#8221; image_icon_width=&#8221;30%&#8221; _builder_version=&#8221;4.22.2&#8243; _module_preset=&#8221;default&#8221; header_level=&#8221;h3&#8243; header_font=&#8221;|700|||||||&#8221; header_text_color=&#8221;#484847&#8243; header_font_size=&#8221;26px&#8221; header_letter_spacing=&#8221;1px&#8221; body_font=&#8221;PT Sans Narrow||||||||&#8221; body_font_size=&#8221;24px&#8221; text_orientation=&#8221;center&#8221; global_colors_info=&#8221;{}&#8221;]<\/p>\n<p>10 m<\/p>\n<p>[\/et_pb_blurb][\/et_pb_column_inner][et_pb_column_inner type=&#8221;1_2&#8243; saved_specialty_column_type=&#8221;1_2&#8243; _builder_version=&#8221;4.22.2&#8243; _module_preset=&#8221;default&#8221; global_colors_info=&#8221;{}&#8221;][et_pb_blurb title=&#8221;FLOORING:&#8221; image=&#8221;https:\/\/www.cklogistics.pl\/wp-content\/uploads\/posadzka-2.svg&#8221; image_icon_width=&#8221;38%&#8221; _builder_version=&#8221;4.22.2&#8243; _module_preset=&#8221;default&#8221; header_level=&#8221;h3&#8243; header_font=&#8221;|700|||||||&#8221; header_text_color=&#8221;#484847&#8243; header_font_size=&#8221;26px&#8221; header_letter_spacing=&#8221;1px&#8221; body_font=&#8221;PT Sans Narrow||||||||&#8221; body_font_size=&#8221;24px&#8221; text_orientation=&#8221;center&#8221; global_colors_info=&#8221;{}&#8221;]<\/p>\n<p>seamless, improved evenness, adapted to automatic trolleys<\/p>\n<p>[\/et_pb_blurb][\/et_pb_column_inner][\/et_pb_row_inner][et_pb_row_inner column_structure=&#8221;1_2,1_2&#8243; _builder_version=&#8221;4.22.2&#8243; _module_preset=&#8221;default&#8221; custom_padding=&#8221;28px||14px|||&#8221; border_width_bottom=&#8221;1px&#8221; border_color_bottom=&#8221;#bfbfbf&#8221; global_colors_info=&#8221;{}&#8221;][et_pb_column_inner type=&#8221;1_2&#8243; saved_specialty_column_type=&#8221;1_2&#8243; _builder_version=&#8221;4.22.2&#8243; _module_preset=&#8221;default&#8221; global_colors_info=&#8221;{}&#8221;][et_pb_blurb title=&#8221;GATES:&#8221; image=&#8221;https:\/\/www.cklogistics.pl\/wp-content\/uploads\/bramy-2-1.svg&#8221; image_icon_width=&#8221;62%&#8221; _builder_version=&#8221;4.22.2&#8243; _module_preset=&#8221;default&#8221; header_level=&#8221;h3&#8243; header_font=&#8221;|700|||||||&#8221; header_text_color=&#8221;#484847&#8243; header_font_size=&#8221;26px&#8221; header_letter_spacing=&#8221;1px&#8221; body_font=&#8221;PT Sans Narrow||||||||&#8221; body_font_size=&#8221;24px&#8221; text_orientation=&#8221;center&#8221; global_colors_info=&#8221;{}&#8221;]<\/p>\n<p>two loading docks + two ground-level gates with dimensions 4.1 m x 4.5 m <\/p>\n<p>[\/et_pb_blurb][\/et_pb_column_inner][et_pb_column_inner type=&#8221;1_2&#8243; saved_specialty_column_type=&#8221;1_2&#8243; _builder_version=&#8221;4.22.2&#8243; _module_preset=&#8221;default&#8221; global_colors_info=&#8221;{}&#8221;][et_pb_blurb title=&#8221;UTILITIES:&#8221; image=&#8221;https:\/\/www.cklogistics.pl\/wp-content\/uploads\/media.svg&#8221; image_icon_width=&#8221;30%&#8221; _builder_version=&#8221;4.22.2&#8243; _module_preset=&#8221;default&#8221; header_level=&#8221;h3&#8243; header_font=&#8221;|700|||||||&#8221; header_text_color=&#8221;#484847&#8243; header_font_size=&#8221;26px&#8221; header_letter_spacing=&#8221;1px&#8221; body_font=&#8221;PT Sans Narrow||||||||&#8221; body_font_size=&#8221;24px&#8221; text_orientation=&#8221;center&#8221; global_colors_info=&#8221;{}&#8221;]<\/p>\n<p>electricity (3 phases), water, sewage system, municipal heat distribution system, fire protection system.<\/p>\n<p>[\/et_pb_blurb][\/et_pb_column_inner][\/et_pb_row_inner][et_pb_row_inner _builder_version=&#8221;4.22.2&#8243; _module_preset=&#8221;default&#8221; custom_padding=&#8221;28px||14px|||&#8221; global_colors_info=&#8221;{}&#8221;][et_pb_column_inner saved_specialty_column_type=&#8221;1_2&#8243; _builder_version=&#8221;4.22.2&#8243; _module_preset=&#8221;default&#8221; global_colors_info=&#8221;{}&#8221;][et_pb_blurb title=&#8221;AREA:&#8221; image=&#8221;https:\/\/www.cklogistics.pl\/wp-content\/uploads\/teren.svg&#8221; image_icon_width=&#8221;36%&#8221; _builder_version=&#8221;4.22.2&#8243; _module_preset=&#8221;default&#8221; header_level=&#8221;h3&#8243; header_font=&#8221;|700|||||||&#8221; header_text_color=&#8221;#484847&#8243; header_font_size=&#8221;26px&#8221; header_letter_spacing=&#8221;1px&#8221; body_font=&#8221;PT Sans Narrow||||||||&#8221; body_font_size=&#8221;24px&#8221; text_orientation=&#8221;center&#8221; width=&#8221;50%&#8221; module_alignment=&#8221;center&#8221; custom_css_blurb_image=&#8221;margin-bottom:0px;&#8221; global_colors_info=&#8221;{}&#8221;]<\/p>\n<p>fenced and secured.<\/p>\n<p>[\/et_pb_blurb][\/et_pb_column_inner][\/et_pb_row_inner][\/et_pb_column][et_pb_column type=&#8221;1_2&#8243; _builder_version=&#8221;4.16&#8243; custom_padding=&#8221;|||&#8221; global_colors_info=&#8221;{}&#8221; custom_padding__hover=&#8221;|||&#8221;][et_pb_image src=&#8221;https:\/\/www.cklogistics.pl\/wp-content\/uploads\/hala11.jpg&#8221; title_text=&#8221;hala11&#8243; _builder_version=&#8221;4.22.2&#8243; _module_preset=&#8221;default&#8221; custom_margin=&#8221;22px||1px||false|false&#8221; global_colors_info=&#8221;{}&#8221;][\/et_pb_image][et_pb_image src=&#8221;https:\/\/www.cklogistics.pl\/wp-content\/uploads\/hala4.jpg&#8221; title_text=&#8221;hala4&#8243; _builder_version=&#8221;4.22.2&#8243; _module_preset=&#8221;default&#8221; custom_margin=&#8221;||1px||false|false&#8221; global_colors_info=&#8221;{}&#8221;][\/et_pb_image][et_pb_image src=&#8221;https:\/\/www.cklogistics.pl\/wp-content\/uploads\/hala7.jpg&#8221; title_text=&#8221;hala7&#8243; _builder_version=&#8221;4.22.2&#8243; _module_preset=&#8221;default&#8221; custom_margin=&#8221;||1px||false|false&#8221; global_colors_info=&#8221;{}&#8221;][\/et_pb_image][\/et_pb_column][\/et_pb_section][et_pb_section fb_built=&#8221;1&#8243; _builder_version=&#8221;4.22.2&#8243; _module_preset=&#8221;default&#8221; background_color=&#8221;#F9F9F9&#8243; custom_padding=&#8221;33px||3px|||&#8221; global_colors_info=&#8221;{}&#8221;][et_pb_row _builder_version=&#8221;4.22.2&#8243; _module_preset=&#8221;default&#8221; global_colors_info=&#8221;{}&#8221;][et_pb_column type=&#8221;4_4&#8243; _builder_version=&#8221;4.22.2&#8243; _module_preset=&#8221;default&#8221; global_colors_info=&#8221;{}&#8221;][et_pb_code _builder_version=&#8221;4.22.2&#8243; _module_preset=&#8221;default&#8221; global_colors_info=&#8221;{}&#8221;]<iframe src=\"https:\/\/www.google.com\/maps\/embed?pb=!1m18!1m12!1m3!1d17946.20722975137!2d18.69380714967872!3d53.4386416238013!2m3!1f0!2f0!3f0!3m2!1i1024!2i768!4f13.1!3m3!1m2!1s0x4702d0579057b819%3A0x8e749706bd8c7d05!2sDroga%20Jeziorna%204%2C%2086-302%20Grudzi%C4%85dz!5e0!3m2!1spl!2spl!4v1695484155531!5m2!1spl!2spl\" width=\"100%\" height=\"450\" style=\"border:0;\" allowfullscreen=\"\" loading=\"lazy\" referrerpolicy=\"no-referrer-when-downgrade\"><\/iframe>[\/et_pb_code][\/et_pb_column][\/et_pb_row][\/et_pb_section][et_pb_section fb_built=&#8221;1&#8243; _builder_version=&#8221;4.22.2&#8243; _module_preset=&#8221;default&#8221; background_color=&#8221;#F9F9F9&#8243; custom_padding=&#8221;2px||0px|||&#8221; global_colors_info=&#8221;{}&#8221;][et_pb_row column_structure=&#8221;1_2,1_2&#8243; _builder_version=&#8221;4.22.2&#8243; _module_preset=&#8221;default&#8221; global_colors_info=&#8221;{}&#8221;][et_pb_column type=&#8221;1_2&#8243; _builder_version=&#8221;4.22.2&#8243; _module_preset=&#8221;default&#8221; global_colors_info=&#8221;{}&#8221;][et_pb_text module_class=&#8221;epo-icon-list&#8221; _builder_version=&#8221;4.22.2&#8243; _module_preset=&#8221;default&#8221; header_4_text_color=&#8221;#484847&#8243; header_4_font_size=&#8221;24px&#8221; custom_padding=&#8221;11px|||||&#8221; text_font_size_phone=&#8221;38px&#8221; text_font_size_last_edited=&#8221;off|phone&#8221; header_4_font_size_tablet=&#8221;24px&#8221; header_4_font_size_phone=&#8221;20px&#8221; header_4_font_size_last_edited=&#8221;on|tablet&#8221; global_colors_info=&#8221;{}&#8221;]<\/p>\n<h4><img loading=\"lazy\" decoding=\"async\" src=\"https:\/\/www.cklogistics.pl\/wp-content\/uploads\/location.svg\" width=\"30\" height=\"30\" alt=\"\" class=\"wp-image-1052 alignnone\"> access to <strong>Intercity Road<\/strong> \u2013 500 m (2 min.)<\/h4>\n<h4><img loading=\"lazy\" decoding=\"async\" src=\"https:\/\/www.cklogistics.pl\/wp-content\/uploads\/location.svg\" width=\"30\" height=\"30\" alt=\"\" class=\"wp-image-1052 alignnone\"> access to the <strong>A1 motorway<\/strong> \u2013 1 km (4 min.)<\/h4>\n<h4><img loading=\"lazy\" decoding=\"async\" src=\"https:\/\/www.cklogistics.pl\/wp-content\/uploads\/location.svg\" width=\"30\" height=\"30\" alt=\"\" class=\"wp-image-1052 alignnone\"> access to the <strong>S5 expressway<\/strong> \u2013 18 km (9 min.)<\/h4>\n<h4><img loading=\"lazy\" decoding=\"async\" src=\"https:\/\/www.cklogistics.pl\/wp-content\/uploads\/location.svg\" width=\"30\" height=\"30\" alt=\"\" class=\"wp-image-1052 alignnone\"> distance from <strong>Bydgoszcz<\/strong> \u2013 75 km (58 min.)<\/h4>\n<h4><img loading=\"lazy\" decoding=\"async\" src=\"https:\/\/www.cklogistics.pl\/wp-content\/uploads\/location.svg\" width=\"30\" height=\"30\" alt=\"\" class=\"wp-image-1052 alignnone\"> distance from <strong>Toru\u0144<\/strong> \u2013 62 km (45 min.)<\/h4>\n<h4><img loading=\"lazy\" decoding=\"async\" src=\"https:\/\/www.cklogistics.pl\/wp-content\/uploads\/location.svg\" width=\"30\" height=\"30\" alt=\"\" class=\"wp-image-1052 alignnone\"> distance from <strong>Gda\u0144sk<\/strong> \u2013 100 km (1 hour)<\/h4>\n<h4><img loading=\"lazy\" decoding=\"async\" src=\"https:\/\/www.cklogistics.pl\/wp-content\/uploads\/location.svg\" width=\"30\" height=\"30\" alt=\"\" class=\"wp-image-1052 alignnone\"> distance from <strong>\u0141\u00f3d\u017a<\/strong> \u2013 200 km (2 h.)<\/h4>\n<h4><img loading=\"lazy\" decoding=\"async\" src=\"https:\/\/www.cklogistics.pl\/wp-content\/uploads\/location.svg\" width=\"30\" height=\"30\" alt=\"\" class=\"wp-image-1052 alignnone\"> distance from <strong>the airport in Gda\u0144sk<\/strong> \u2013 112 km (1 h 13 min.)<\/h4>\n<h4><img loading=\"lazy\" decoding=\"async\" src=\"https:\/\/www.cklogistics.pl\/wp-content\/uploads\/location.svg\" width=\"30\" height=\"30\" alt=\"\" class=\"wp-image-1052 alignnone\"> distance from <strong>the airport in Bydgoszcz<\/strong> \u2013 78 km (1 h 3 min.)<\/h4>\n<p>[\/et_pb_text][\/et_pb_column][et_pb_column type=&#8221;1_2&#8243; _builder_version=&#8221;4.22.2&#8243; _module_preset=&#8221;default&#8221; global_colors_info=&#8221;{}&#8221;][et_pb_video src=&#8221;https:\/\/www.youtube.com\/watch?v=g4EJuo9CADM&#8221; _builder_version=&#8221;4.22.2&#8243; _module_preset=&#8221;default&#8221; custom_margin=&#8221;0px|0px|0px|0px|false|false&#8221; custom_padding=&#8221;0px||0px||false|false&#8221; global_colors_info=&#8221;{}&#8221;][\/et_pb_video][\/et_pb_column][\/et_pb_row][et_pb_row _builder_version=&#8221;4.22.2&#8243; _module_preset=&#8221;default&#8221; custom_padding=&#8221;10px||11px|||&#8221; global_colors_info=&#8221;{}&#8221;][et_pb_column type=&#8221;4_4&#8243; _builder_version=&#8221;4.22.2&#8243; _module_preset=&#8221;default&#8221; global_colors_info=&#8221;{}&#8221;][et_pb_image src=&#8221;https:\/\/www.cklogistics.pl\/wp-content\/uploads\/polska.png&#8221; title_text=&#8221;polska&#8221; align=&#8221;center&#8221; _builder_version=&#8221;4.22.2&#8243; _module_preset=&#8221;default&#8221; global_colors_info=&#8221;{}&#8221;][\/et_pb_image][\/et_pb_column][\/et_pb_row][\/et_pb_section]<\/p>\n","protected":false},"excerpt":{"rendered":"<p>Clima Komfort \u2013 the general contractor of sanitary installations\u2013 this time used 30 years of experience in the construction of logistics facilities in its own investment. The new company Clima Komfort Logisticsbuilta class A high-storage warehouse with social and office facilities. The hall is located in the Kuyavian-Pomeranian Voivodeship, in the immediate vicinity of the [&hellip;]<\/p>\n","protected":false},"author":1,"featured_media":0,"parent":0,"menu_order":0,"comment_status":"closed","ping_status":"closed","template":"","meta":{"_et_pb_use_builder":"on","_et_pb_old_content":"","_et_gb_content_width":"","footnotes":""},"dipi_cpt_category":[],"class_list":["post-1138","page","type-page","status-publish","hentry"],"_links":{"self":[{"href":"https:\/\/www.cklogistics.pl\/en\/wp-json\/wp\/v2\/pages\/1138","targetHints":{"allow":["GET"]}}],"collection":[{"href":"https:\/\/www.cklogistics.pl\/en\/wp-json\/wp\/v2\/pages"}],"about":[{"href":"https:\/\/www.cklogistics.pl\/en\/wp-json\/wp\/v2\/types\/page"}],"author":[{"embeddable":true,"href":"https:\/\/www.cklogistics.pl\/en\/wp-json\/wp\/v2\/users\/1"}],"replies":[{"embeddable":true,"href":"https:\/\/www.cklogistics.pl\/en\/wp-json\/wp\/v2\/comments?post=1138"}],"version-history":[{"count":5,"href":"https:\/\/www.cklogistics.pl\/en\/wp-json\/wp\/v2\/pages\/1138\/revisions"}],"predecessor-version":[{"id":1143,"href":"https:\/\/www.cklogistics.pl\/en\/wp-json\/wp\/v2\/pages\/1138\/revisions\/1143"}],"wp:attachment":[{"href":"https:\/\/www.cklogistics.pl\/en\/wp-json\/wp\/v2\/media?parent=1138"}],"wp:term":[{"taxonomy":"dipi_cpt_category","embeddable":true,"href":"https:\/\/www.cklogistics.pl\/en\/wp-json\/wp\/v2\/dipi_cpt_category?post=1138"}],"curies":[{"name":"wp","href":"https:\/\/api.w.org\/{rel}","templated":true}]}}